{"id":124,"date":"2026-01-15T19:09:40","date_gmt":"2026-01-15T16:09:40","guid":{"rendered":"https:\/\/toosuits.spreadon.com\/?page_id=124"},"modified":"2026-01-15T19:09:40","modified_gmt":"2026-01-15T16:09:40","slug":"blog-ii","status":"publish","type":"page","link":"https:\/\/toosuits.spreadon.com\/?page_id=124","title":{"rendered":"Blog II"},"content":{"rendered":"<div class=\"wpb-content-wrapper\"><p>[vc_row][vc_column]\t\n\t\t\n\t\t<!-- BEGIN .sohohotel-blog-wrapper-2 -->\n\t\t<div class=\"sohohotel-blog-wrapper-2 sohohotel-blog-wrapper-2-3-col sohohotel-clearfix\">\n\t\t\t\n\t\t\n\t\t\t\t\t\n\t\t\t\t<!-- BEGIN .sohohotel-blog-block -->\n\t\t\t\t<div id=\"post-146\" class=\"sohohotel-blog-block sohohotel-clearfix post-146 post type-post status-publish format-standard has-post-thumbnail hentry category-city-breaks tag-accommodation\">\n\t\t\t\t\t\n\t\t\t\t\t\n\t\t\t\t\t\t<div class=\"sohohotel-blog-block-image\">\n\t\t\t\t\t\t\t<a href=\"https:\/\/toosuits.spreadon.com\/?p=146\" rel=\"bookmark\" title=\"Celebrating 20th Anniversary Of Soho Hotel\">\n\t\t\t\t\t\t\t\t\t\t\t\t\t\t\t\t<img decoding=\"async\" src=\"https:\/\/toosuits.spreadon.com\/wp-content\/uploads\/2026\/01\/16-1170x750.jpg\" alt=\"\" \/>\t\t\t\t\t\t\t<\/a>\n\t\t\t\t\t\t<\/div>\n\n\t\t\t\t\t\t\t\t\t\t\n\t\t\t\t\t<!-- BEGIN .sohohotel-blog-title-meta-wrapper -->\n\t\t\t\t\t<div class=\"sohohotel-blog-title-meta-wrapper\">\n\t\t\t\t\t\n\t\t\t\t\t\t<h3><a href=\"https:\/\/toosuits.spreadon.com\/?p=146\" rel=\"bookmark\" title=\"Celebrating 20th Anniversary Of Soho Hotel\">Celebrating 20th Anniversary Of Soho Hotel<\/a><\/h3>\n\n\t\t\t\t\t\t<!-- BEGIN .sohohotel-blog-meta -->\n\t\t\t\t\t\t<div class=\"sohohotel-blog-meta clearfix\">\n\t\t\t\t\t\t\t<span class=\"sohohotel-blog-meta-date\"><i class=\"fas fa-calendar\"><\/i><a href=\"https:\/\/toosuits.spreadon.com\/?p=146\" rel=\"bookmark\" title=\"Celebrating 20th Anniversary Of Soho Hotel\">15 Ocak 2026<\/a><\/span>\n\t\t\t\t\t\t\t<span class=\"sohohotel-blog-meta-author\"><i class=\"fas fa-pencil-alt\"><\/i>By <a href=\"https:\/\/toosuits.spreadon.com\/?author=1\" title=\"spreadon taraf\u0131ndan yaz\u0131lan yaz\u0131lar\" rel=\"author\">spreadon<\/a><\/span>\n\t\t\t\t\t\t\t\n\t\t\t\t\t\t\t\t\t\t\t\t\n\t\t\t\t\t\t<!-- END .sohohotel-blog-meta -->\n\t\t\t\t\t\t<\/div>\n\t\t\t\t\t\n\t\t\t\t\t<!-- END .sohohotel-blog-title-meta-wrapper -->\n\t\t\t\t\t<\/div>\n\t\t\t\t\t\n\t\t\t\t\t\n\t\t\t\t<!-- END .sohohotel-blog-block -->\n\t\t\t\t<\/div>\n\t\t\t\t\n\t\t\t\t\t\n\t\t\t\t<!-- BEGIN .sohohotel-blog-block -->\n\t\t\t\t<div id=\"post-147\" class=\"sohohotel-blog-block sohohotel-clearfix post-147 post type-post status-publish format-standard has-post-thumbnail hentry category-cocktail-party tag-beaches\">\n\t\t\t\t\t\n\t\t\t\t\t\n\t\t\t\t\t\t<div class=\"sohohotel-blog-block-image\">\n\t\t\t\t\t\t\t<a href=\"https:\/\/toosuits.spreadon.com\/?p=147\" rel=\"bookmark\" title=\"Our New York Hotel Has Been Newly Renovated!\">\n\t\t\t\t\t\t\t\t\t\t\t\t\t\t\t\t<img decoding=\"async\" src=\"https:\/\/toosuits.spreadon.com\/wp-content\/uploads\/2026\/01\/21-1170x750.jpg\" alt=\"\" \/>\t\t\t\t\t\t\t<\/a>\n\t\t\t\t\t\t<\/div>\n\n\t\t\t\t\t\t\t\t\t\t\n\t\t\t\t\t<!-- BEGIN .sohohotel-blog-title-meta-wrapper -->\n\t\t\t\t\t<div class=\"sohohotel-blog-title-meta-wrapper\">\n\t\t\t\t\t\n\t\t\t\t\t\t<h3><a href=\"https:\/\/toosuits.spreadon.com\/?p=147\" rel=\"bookmark\" title=\"Our New York Hotel Has Been Newly Renovated!\">Our New York Hotel Has Been Newly Renovated!<\/a><\/h3>\n\n\t\t\t\t\t\t<!-- BEGIN .sohohotel-blog-meta -->\n\t\t\t\t\t\t<div class=\"sohohotel-blog-meta clearfix\">\n\t\t\t\t\t\t\t<span class=\"sohohotel-blog-meta-date\"><i class=\"fas fa-calendar\"><\/i><a href=\"https:\/\/toosuits.spreadon.com\/?p=147\" rel=\"bookmark\" title=\"Our New York Hotel Has Been Newly Renovated!\">15 Ocak 2026<\/a><\/span>\n\t\t\t\t\t\t\t<span class=\"sohohotel-blog-meta-author\"><i class=\"fas fa-pencil-alt\"><\/i>By <a href=\"https:\/\/toosuits.spreadon.com\/?author=1\" title=\"spreadon taraf\u0131ndan yaz\u0131lan yaz\u0131lar\" rel=\"author\">spreadon<\/a><\/span>\n\t\t\t\t\t\t\t\n\t\t\t\t\t\t\t\t\t\t\t\t\n\t\t\t\t\t\t<!-- END .sohohotel-blog-meta -->\n\t\t\t\t\t\t<\/div>\n\t\t\t\t\t\n\t\t\t\t\t<!-- END .sohohotel-blog-title-meta-wrapper -->\n\t\t\t\t\t<\/div>\n\t\t\t\t\t\n\t\t\t\t\t\n\t\t\t\t<!-- END .sohohotel-blog-block -->\n\t\t\t\t<\/div>\n\t\t\t\t\n\t\t\t\t\t\n\t\t\t\t<!-- BEGIN .sohohotel-blog-block -->\n\t\t\t\t<div id=\"post-148\" class=\"sohohotel-blog-block sohohotel-clearfix post-148 post type-post status-publish format-standard has-post-thumbnail hentry category-fine-dining tag-best-restaurants\">\n\t\t\t\t\t\n\t\t\t\t\t\n\t\t\t\t\t\t<div class=\"sohohotel-blog-block-image\">\n\t\t\t\t\t\t\t<a href=\"https:\/\/toosuits.spreadon.com\/?p=148\" rel=\"bookmark\" title=\"All Rooms Now Equipped With High Speed Wifi\">\n\t\t\t\t\t\t\t\t\t\t\t\t\t\t\t\t<img decoding=\"async\" src=\"https:\/\/toosuits.spreadon.com\/wp-content\/uploads\/2026\/01\/20-1170x750.jpg\" alt=\"\" \/>\t\t\t\t\t\t\t<\/a>\n\t\t\t\t\t\t<\/div>\n\n\t\t\t\t\t\t\t\t\t\t\n\t\t\t\t\t<!-- BEGIN .sohohotel-blog-title-meta-wrapper -->\n\t\t\t\t\t<div class=\"sohohotel-blog-title-meta-wrapper\">\n\t\t\t\t\t\n\t\t\t\t\t\t<h3><a href=\"https:\/\/toosuits.spreadon.com\/?p=148\" rel=\"bookmark\" title=\"All Rooms Now Equipped With High Speed Wifi\">All Rooms Now Equipped With High Speed Wifi<\/a><\/h3>\n\n\t\t\t\t\t\t<!-- BEGIN .sohohotel-blog-meta -->\n\t\t\t\t\t\t<div class=\"sohohotel-blog-meta clearfix\">\n\t\t\t\t\t\t\t<span class=\"sohohotel-blog-meta-date\"><i class=\"fas fa-calendar\"><\/i><a href=\"https:\/\/toosuits.spreadon.com\/?p=148\" rel=\"bookmark\" title=\"All Rooms Now Equipped With High Speed Wifi\">15 Ocak 2026<\/a><\/span>\n\t\t\t\t\t\t\t<span class=\"sohohotel-blog-meta-author\"><i class=\"fas fa-pencil-alt\"><\/i>By <a href=\"https:\/\/toosuits.spreadon.com\/?author=1\" title=\"spreadon taraf\u0131ndan yaz\u0131lan yaz\u0131lar\" rel=\"author\">spreadon<\/a><\/span>\n\t\t\t\t\t\t\t\n\t\t\t\t\t\t\t\t\t\t\t\t\n\t\t\t\t\t\t<!-- END .sohohotel-blog-meta -->\n\t\t\t\t\t\t<\/div>\n\t\t\t\t\t\n\t\t\t\t\t<!-- END .sohohotel-blog-title-meta-wrapper -->\n\t\t\t\t\t<\/div>\n\t\t\t\t\t\n\t\t\t\t\t\n\t\t\t\t<!-- END .sohohotel-blog-block -->\n\t\t\t\t<\/div>\n\t\t\t\t\n\t\t\t\t\t\n\t\t\t\t<!-- BEGIN .sohohotel-blog-block -->\n\t\t\t\t<div id=\"post-149\" class=\"sohohotel-blog-block sohohotel-clearfix post-149 post type-post status-publish format-standard has-post-thumbnail hentry category-hotels tag-cities\">\n\t\t\t\t\t\n\t\t\t\t\t\n\t\t\t\t\t\t<div class=\"sohohotel-blog-block-image\">\n\t\t\t\t\t\t\t<a href=\"https:\/\/toosuits.spreadon.com\/?p=149\" rel=\"bookmark\" title=\"Our New Soho Hotel Miami Beach Branch Is Open!\">\n\t\t\t\t\t\t\t\t\t\t\t\t\t\t\t\t<img decoding=\"async\" src=\"https:\/\/toosuits.spreadon.com\/wp-content\/uploads\/2026\/01\/19-1170x750.jpg\" alt=\"\" \/>\t\t\t\t\t\t\t<\/a>\n\t\t\t\t\t\t<\/div>\n\n\t\t\t\t\t\t\t\t\t\t\n\t\t\t\t\t<!-- BEGIN .sohohotel-blog-title-meta-wrapper -->\n\t\t\t\t\t<div class=\"sohohotel-blog-title-meta-wrapper\">\n\t\t\t\t\t\n\t\t\t\t\t\t<h3><a href=\"https:\/\/toosuits.spreadon.com\/?p=149\" rel=\"bookmark\" title=\"Our New Soho Hotel Miami Beach Branch Is Open!\">Our New Soho Hotel Miami Beach Branch Is Open!<\/a><\/h3>\n\n\t\t\t\t\t\t<!-- BEGIN .sohohotel-blog-meta -->\n\t\t\t\t\t\t<div class=\"sohohotel-blog-meta clearfix\">\n\t\t\t\t\t\t\t<span class=\"sohohotel-blog-meta-date\"><i class=\"fas fa-calendar\"><\/i><a href=\"https:\/\/toosuits.spreadon.com\/?p=149\" rel=\"bookmark\" title=\"Our New Soho Hotel Miami Beach Branch Is Open!\">15 Ocak 2026<\/a><\/span>\n\t\t\t\t\t\t\t<span class=\"sohohotel-blog-meta-author\"><i class=\"fas fa-pencil-alt\"><\/i>By <a href=\"https:\/\/toosuits.spreadon.com\/?author=1\" title=\"spreadon taraf\u0131ndan yaz\u0131lan yaz\u0131lar\" rel=\"author\">spreadon<\/a><\/span>\n\t\t\t\t\t\t\t\n\t\t\t\t\t\t\t\t\t\t\t\t\n\t\t\t\t\t\t<!-- END .sohohotel-blog-meta -->\n\t\t\t\t\t\t<\/div>\n\t\t\t\t\t\n\t\t\t\t\t<!-- END .sohohotel-blog-title-meta-wrapper -->\n\t\t\t\t\t<\/div>\n\t\t\t\t\t\n\t\t\t\t\t\n\t\t\t\t<!-- END .sohohotel-blog-block -->\n\t\t\t\t<\/div>\n\t\t\t\t\n\t\t\t\t\t\n\t\t\t\t<!-- BEGIN .sohohotel-blog-block -->\n\t\t\t\t<div id=\"post-150\" class=\"sohohotel-blog-block sohohotel-clearfix post-150 post type-post status-publish format-standard has-post-thumbnail hentry category-luxury-spas tag-cocktail-party\">\n\t\t\t\t\t\n\t\t\t\t\t\n\t\t\t\t\t\t<div class=\"sohohotel-blog-block-image\">\n\t\t\t\t\t\t\t<a href=\"https:\/\/toosuits.spreadon.com\/?p=150\" rel=\"bookmark\" title=\"Cocktail Party For All Guests This Saturday\">\n\t\t\t\t\t\t\t\t\t\t\t\t\t\t\t\t<img decoding=\"async\" src=\"https:\/\/toosuits.spreadon.com\/wp-content\/uploads\/2026\/01\/18-1170x750.jpg\" alt=\"\" \/>\t\t\t\t\t\t\t<\/a>\n\t\t\t\t\t\t<\/div>\n\n\t\t\t\t\t\t\t\t\t\t\n\t\t\t\t\t<!-- BEGIN .sohohotel-blog-title-meta-wrapper -->\n\t\t\t\t\t<div class=\"sohohotel-blog-title-meta-wrapper\">\n\t\t\t\t\t\n\t\t\t\t\t\t<h3><a href=\"https:\/\/toosuits.spreadon.com\/?p=150\" rel=\"bookmark\" title=\"Cocktail Party For All Guests This Saturday\">Cocktail Party For All Guests This Saturday<\/a><\/h3>\n\n\t\t\t\t\t\t<!-- BEGIN .sohohotel-blog-meta -->\n\t\t\t\t\t\t<div class=\"sohohotel-blog-meta clearfix\">\n\t\t\t\t\t\t\t<span class=\"sohohotel-blog-meta-date\"><i class=\"fas fa-calendar\"><\/i><a href=\"https:\/\/toosuits.spreadon.com\/?p=150\" rel=\"bookmark\" title=\"Cocktail Party For All Guests This Saturday\">15 Ocak 2026<\/a><\/span>\n\t\t\t\t\t\t\t<span class=\"sohohotel-blog-meta-author\"><i class=\"fas fa-pencil-alt\"><\/i>By <a href=\"https:\/\/toosuits.spreadon.com\/?author=1\" title=\"spreadon taraf\u0131ndan yaz\u0131lan yaz\u0131lar\" rel=\"author\">spreadon<\/a><\/span>\n\t\t\t\t\t\t\t\n\t\t\t\t\t\t\t\t\t\t\t\t\n\t\t\t\t\t\t<!-- END .sohohotel-blog-meta -->\n\t\t\t\t\t\t<\/div>\n\t\t\t\t\t\n\t\t\t\t\t<!-- END .sohohotel-blog-title-meta-wrapper -->\n\t\t\t\t\t<\/div>\n\t\t\t\t\t\n\t\t\t\t\t\n\t\t\t\t<!-- END .sohohotel-blog-block -->\n\t\t\t\t<\/div>\n\t\t\t\t\n\t\t\t\t\t\n\t\t\t\t<!-- BEGIN .sohohotel-blog-block -->\n\t\t\t\t<div id=\"post-151\" class=\"sohohotel-blog-block sohohotel-clearfix post-151 post type-post status-publish format-standard has-post-thumbnail hentry category-travel tag-hotel\">\n\t\t\t\t\t\n\t\t\t\t\t\n\t\t\t\t\t\t<div class=\"sohohotel-blog-block-image\">\n\t\t\t\t\t\t\t<a href=\"https:\/\/toosuits.spreadon.com\/?p=151\" rel=\"bookmark\" title=\"This Month Only 10% Discounts On Fridays\">\n\t\t\t\t\t\t\t\t\t\t\t\t\t\t\t\t<img decoding=\"async\" src=\"https:\/\/toosuits.spreadon.com\/wp-content\/uploads\/2026\/01\/17-1170x750.jpg\" alt=\"\" \/>\t\t\t\t\t\t\t<\/a>\n\t\t\t\t\t\t<\/div>\n\n\t\t\t\t\t\t\t\t\t\t\n\t\t\t\t\t<!-- BEGIN .sohohotel-blog-title-meta-wrapper -->\n\t\t\t\t\t<div class=\"sohohotel-blog-title-meta-wrapper\">\n\t\t\t\t\t\n\t\t\t\t\t\t<h3><a href=\"https:\/\/toosuits.spreadon.com\/?p=151\" rel=\"bookmark\" title=\"This Month Only 10% Discounts On Fridays\">This Month Only 10% Discounts On Fridays<\/a><\/h3>\n\n\t\t\t\t\t\t<!-- BEGIN .sohohotel-blog-meta -->\n\t\t\t\t\t\t<div class=\"sohohotel-blog-meta clearfix\">\n\t\t\t\t\t\t\t<span class=\"sohohotel-blog-meta-date\"><i class=\"fas fa-calendar\"><\/i><a href=\"https:\/\/toosuits.spreadon.com\/?p=151\" rel=\"bookmark\" title=\"This Month Only 10% Discounts On Fridays\">15 Ocak 2026<\/a><\/span>\n\t\t\t\t\t\t\t<span class=\"sohohotel-blog-meta-author\"><i class=\"fas fa-pencil-alt\"><\/i>By <a href=\"https:\/\/toosuits.spreadon.com\/?author=1\" title=\"spreadon taraf\u0131ndan yaz\u0131lan yaz\u0131lar\" rel=\"author\">spreadon<\/a><\/span>\n\t\t\t\t\t\t\t\n\t\t\t\t\t\t\t\t\t\t\t\t\n\t\t\t\t\t\t<!-- END .sohohotel-blog-meta -->\n\t\t\t\t\t\t<\/div>\n\t\t\t\t\t\n\t\t\t\t\t<!-- END .sohohotel-blog-title-meta-wrapper -->\n\t\t\t\t\t<\/div>\n\t\t\t\t\t\n\t\t\t\t\t\n\t\t\t\t<!-- END .sohohotel-blog-block -->\n\t\t\t\t<\/div>\n\t\t\t\t\n\t\t\t\t\n\t\t<!-- END .sohohotel-blog-wrapper -->\n\t\t<\/div>\n\t\t\n\t\t\t\t\n\t\t\t\t\t\n\t\t\t<div class=\"sohohotel-blog-pagination\">\n\t\t\t<div class=\"sohohotel-pagination\"><span aria-label=\"Sayfa 1\" aria-current=\"page\" class=\"page-numbers current\">1<\/span>\n<a aria-label=\"Sayfa 2\" class=\"page-numbers\" href=\"https:\/\/toosuits.spreadon.com\/index.php?rest_route=%2Fwp%2Fv2%2Fpages%2F124&#038;paged=2\">2<\/a>\n<a class=\"next page-numbers\" href=\"https:\/\/toosuits.spreadon.com\/index.php?rest_route=%2Fwp%2Fv2%2Fpages%2F124&#038;paged=2\">&raquo;<\/a><\/div>\t\t\t<\/div>\n\t\t\t\n\t\t[vc_empty_space height=&#8221;30px&#8221;][\/vc_column][\/vc_row]<\/p>\n<\/div>","protected":false},"excerpt":{"rendered":"<p>[vc_row][vc_column][vc_empty_space height=&#8221;30px&#8221;][\/vc_column][\/vc_row]<\/p>\n<a href=\"https:\/\/toosuits.spreadon.com\/?p=151\" class=\"sohohotel-more-link\">Read More<\/a>","protected":false},"author":1,"featured_media":0,"parent":0,"menu_order":0,"comment_status":"closed","ping_status":"closed","template":"","meta":{"footnotes":""},"class_list":["post-124","page","type-page","status-publish","hentry"],"_links":{"self":[{"href":"https:\/\/toosuits.spreadon.com\/index.php?rest_route=\/wp\/v2\/pages\/124","targetHints":{"allow":["GET"]}}],"collection":[{"href":"https:\/\/toosuits.spreadon.com\/index.php?rest_route=\/wp\/v2\/pages"}],"about":[{"href":"https:\/\/toosuits.spreadon.com\/index.php?rest_route=\/wp\/v2\/types\/page"}],"author":[{"embeddable":true,"href":"https:\/\/toosuits.spreadon.com\/index.php?rest_route=\/wp\/v2\/users\/1"}],"replies":[{"embeddable":true,"href":"https:\/\/toosuits.spreadon.com\/index.php?rest_route=%2Fwp%2Fv2%2Fcomments&post=124"}],"version-history":[{"count":0,"href":"https:\/\/toosuits.spreadon.com\/index.php?rest_route=\/wp\/v2\/pages\/124\/revisions"}],"wp:attachment":[{"href":"https:\/\/toosuits.spreadon.com\/index.php?rest_route=%2Fwp%2Fv2%2Fmedia&parent=124"}],"curies":[{"name":"wp","href":"https:\/\/api.w.org\/{rel}","templated":true}]}}