{"id":123,"date":"2026-01-15T19:09:40","date_gmt":"2026-01-15T16:09:40","guid":{"rendered":"https:\/\/toosuits.spreadon.com\/?page_id=123"},"modified":"2026-01-15T19:09:40","modified_gmt":"2026-01-15T16:09:40","slug":"blog-i","status":"publish","type":"page","link":"https:\/\/toosuits.spreadon.com\/?page_id=123","title":{"rendered":"Blog I"},"content":{"rendered":"<div class=\"wpb-content-wrapper\"><p>[vc_row][vc_column]\t\n\t\t\t\n\t\t<!-- BEGIN .sohohotel-blog-wrapper-1 -->\n\t\t<div class=\"sohohotel-blog-wrapper-1\">\n\t\t\n\t\t\n\t\t\t\t\t\n\t\t\t\t<!-- BEGIN .sohohotel-blog-block -->\n\t\t\t\t<div id=\"post-152\" class=\"sohohotel-blog-block sohohotel-clearfix post-152 post type-post status-publish format-standard has-post-thumbnail hentry category-city-breaks tag-luxury\">\n\t\t\t\t\t\n\t\t\t\t\t\n\t\t\t\t\t\t<div class=\"sohohotel-blog-block-image\">\n\t\t\t\t\t\t\t<a href=\"https:\/\/toosuits.spreadon.com\/?p=152\" rel=\"bookmark\" title=\"Celebrating 20th Anniversary Of Soho Hotel\">\n\t\t\t\t\t\t\t\t\t\t\t\t\t\t\t\t<img decoding=\"async\" src=\"https:\/\/toosuits.spreadon.com\/wp-content\/uploads\/2026\/01\/16-1560x920.jpg\" alt=\"\" \/>\t\t\t\t\t\t\t<\/a>\n\t\t\t\t\t\t<\/div>\n\n\t\t\t\t\t\t\t\t\t\t\n\t\t\t\t\t<!-- BEGIN .sohohotel-blog-title-meta-wrapper -->\n\t\t\t\t\t<div class=\"sohohotel-blog-title-meta-wrapper\">\n\t\t\t\t\t\n\t\t\t\t\t\t<h3><a href=\"https:\/\/toosuits.spreadon.com\/?p=152\" rel=\"bookmark\" title=\"Celebrating 20th Anniversary Of Soho Hotel\">Celebrating 20th Anniversary Of Soho Hotel<\/a><\/h3>\n\n\t\t\t\t\t\t<!-- BEGIN .sohohotel-blog-meta -->\n\t\t\t\t\t\t<div class=\"sohohotel-blog-meta clearfix\">\n\t\t\t\t\t\t\t<span class=\"sohohotel-blog-meta-date\"><i class=\"fas fa-calendar\"><\/i><a href=\"https:\/\/toosuits.spreadon.com\/?p=152\" rel=\"bookmark\" title=\"Celebrating 20th Anniversary Of Soho Hotel\">15 Ocak 2026<\/a><\/span>\n\t\t\t\t\t\t\t<span class=\"sohohotel-blog-meta-author\"><i class=\"fas fa-pencil-alt\"><\/i>By <a href=\"https:\/\/toosuits.spreadon.com\/?author=1\" title=\"spreadon taraf\u0131ndan yaz\u0131lan yaz\u0131lar\" rel=\"author\">spreadon<\/a><\/span>\n\t\t\t\t\t\t\t\n\t\t\t\t\t\t\t\t\t\t\t\t\t\t\n\t\t\t\t\t\t\t\t<span class=\"sohohotel-blog-meta-category\"><i class=\"fas fa-tag\"><\/i><a href=\"https:\/\/toosuits.spreadon.com\/?cat=16\" rel=\"category\">City Breaks<\/a><\/span>\n\t\t\t\t\t\t\t\t<span class=\"sohohotel-blog-meta-comments\"><i class=\"fas fa-comment\"><\/i><a href=\"https:\/\/toosuits.spreadon.com\/?p=152#respond\">No Comments<\/a><\/span>\n\t\t\t\t\t\t\n\t\t\t\t\t\t\t\t\t\t\t\t\n\t\t\t\t\t\t<!-- END .sohohotel-blog-meta -->\n\t\t\t\t\t\t<\/div>\n\t\t\t\t\t\n\t\t\t\t\t<!-- END .sohohotel-blog-title-meta-wrapper -->\n\t\t\t\t\t<\/div>\n\t\t\t\t\t\n\t\t\t\t\t\t\t\t\t\t\n\t\t\t\t\t\t<!-- BEGIN .sohohotel-blog-description -->\n\t\t\t\t\t\t<div class=\"sohohotel-blog-description sohohotel-clearfix\">\n\t\t\t\t\t\t\n\t\t\t\t\t\t\t\t\t\t\t\t\t\t\n\t\t\t\t\t\t\t\tLorem ipsum dolor sit amet, consectetur adipiscing elit. Quisque sollicitudin facilisis consequat. Sed in est sed dui maximus tempor. Donec ullamcorper volutpat dolor ac posuere. Vivamus commodo lacus ac ornare tincidunt. Vivamus in lectus orci.\t\t\t\t\t\t\t\t<div class=\"sohohotel-clearboth\"><\/div>\n\t\t\t\t\t\t\t\t<a href=\"https:\/\/toosuits.spreadon.com\/?p=152\" class=\"sohohotel-more-link\">Read More<\/a>\n\t\t\t\t\t\t\t\n\t\t\t\t\t\t\t\n\t\t\t\t\t\t<!-- END .sohohotel-blog-description -->\n\t\t\t\t\t\t<\/div>\n\t\t\t\t\t\n\t\t\t\t\t\n\t\t\t\t<!-- END .sohohotel-blog-block -->\n\t\t\t\t<\/div>\n\t\t\t\t\n\t\t\t\t\t\n\t\t\t\t<!-- BEGIN .sohohotel-blog-block -->\n\t\t\t\t<div id=\"post-147\" class=\"sohohotel-blog-block sohohotel-clearfix post-147 post type-post status-publish format-standard has-post-thumbnail hentry category-cocktail-party tag-beaches\">\n\t\t\t\t\t\n\t\t\t\t\t\n\t\t\t\t\t\t<div class=\"sohohotel-blog-block-image\">\n\t\t\t\t\t\t\t<a href=\"https:\/\/toosuits.spreadon.com\/?p=147\" rel=\"bookmark\" title=\"Our New York Hotel Has Been Newly Renovated!\">\n\t\t\t\t\t\t\t\t\t\t\t\t\t\t\t\t<img decoding=\"async\" src=\"https:\/\/toosuits.spreadon.com\/wp-content\/uploads\/2026\/01\/21-1560x920.jpg\" alt=\"\" \/>\t\t\t\t\t\t\t<\/a>\n\t\t\t\t\t\t<\/div>\n\n\t\t\t\t\t\t\t\t\t\t\n\t\t\t\t\t<!-- BEGIN .sohohotel-blog-title-meta-wrapper -->\n\t\t\t\t\t<div class=\"sohohotel-blog-title-meta-wrapper\">\n\t\t\t\t\t\n\t\t\t\t\t\t<h3><a href=\"https:\/\/toosuits.spreadon.com\/?p=147\" rel=\"bookmark\" title=\"Our New York Hotel Has Been Newly Renovated!\">Our New York Hotel Has Been Newly Renovated!<\/a><\/h3>\n\n\t\t\t\t\t\t<!-- BEGIN .sohohotel-blog-meta -->\n\t\t\t\t\t\t<div class=\"sohohotel-blog-meta clearfix\">\n\t\t\t\t\t\t\t<span class=\"sohohotel-blog-meta-date\"><i class=\"fas fa-calendar\"><\/i><a href=\"https:\/\/toosuits.spreadon.com\/?p=147\" rel=\"bookmark\" title=\"Our New York Hotel Has Been Newly Renovated!\">15 Ocak 2026<\/a><\/span>\n\t\t\t\t\t\t\t<span class=\"sohohotel-blog-meta-author\"><i class=\"fas fa-pencil-alt\"><\/i>By <a href=\"https:\/\/toosuits.spreadon.com\/?author=1\" title=\"spreadon taraf\u0131ndan yaz\u0131lan yaz\u0131lar\" rel=\"author\">spreadon<\/a><\/span>\n\t\t\t\t\t\t\t\n\t\t\t\t\t\t\t\t\t\t\t\t\t\t\n\t\t\t\t\t\t\t\t<span class=\"sohohotel-blog-meta-category\"><i class=\"fas fa-tag\"><\/i><a href=\"https:\/\/toosuits.spreadon.com\/?cat=17\" rel=\"category\">Cocktail Party<\/a><\/span>\n\t\t\t\t\t\t\t\t<span class=\"sohohotel-blog-meta-comments\"><i class=\"fas fa-comment\"><\/i><a href=\"https:\/\/toosuits.spreadon.com\/?p=147#respond\">No Comments<\/a><\/span>\n\t\t\t\t\t\t\n\t\t\t\t\t\t\t\t\t\t\t\t\n\t\t\t\t\t\t<!-- END .sohohotel-blog-meta -->\n\t\t\t\t\t\t<\/div>\n\t\t\t\t\t\n\t\t\t\t\t<!-- END .sohohotel-blog-title-meta-wrapper -->\n\t\t\t\t\t<\/div>\n\t\t\t\t\t\n\t\t\t\t\t\t\t\t\t\t\n\t\t\t\t\t\t<!-- BEGIN .sohohotel-blog-description -->\n\t\t\t\t\t\t<div class=\"sohohotel-blog-description sohohotel-clearfix\">\n\t\t\t\t\t\t\n\t\t\t\t\t\t\t\t\t\t\t\t\t\t\n\t\t\t\t\t\t\t\tLorem ipsum dolor sit amet, consectetur adipiscing elit. Quisque sollicitudin facilisis consequat. Sed in est sed dui maximus tempor. Donec ullamcorper volutpat dolor ac posuere. Vivamus commodo lacus ac ornare tincidunt. Vivamus in lectus orci.\t\t\t\t\t\t\t\t<div class=\"sohohotel-clearboth\"><\/div>\n\t\t\t\t\t\t\t\t<a href=\"https:\/\/toosuits.spreadon.com\/?p=147\" class=\"sohohotel-more-link\">Read More<\/a>\n\t\t\t\t\t\t\t\n\t\t\t\t\t\t\t\n\t\t\t\t\t\t<!-- END .sohohotel-blog-description -->\n\t\t\t\t\t\t<\/div>\n\t\t\t\t\t\n\t\t\t\t\t\n\t\t\t\t<!-- END .sohohotel-blog-block -->\n\t\t\t\t<\/div>\n\t\t\t\t\n\t\t\t\t\t\n\t\t\t\t<!-- BEGIN .sohohotel-blog-block -->\n\t\t\t\t<div id=\"post-148\" class=\"sohohotel-blog-block sohohotel-clearfix post-148 post type-post status-publish format-standard has-post-thumbnail hentry category-fine-dining tag-best-restaurants\">\n\t\t\t\t\t\n\t\t\t\t\t\n\t\t\t\t\t\t<div class=\"sohohotel-blog-block-image\">\n\t\t\t\t\t\t\t<a href=\"https:\/\/toosuits.spreadon.com\/?p=148\" rel=\"bookmark\" title=\"All Rooms Now Equipped With High Speed Wifi\">\n\t\t\t\t\t\t\t\t\t\t\t\t\t\t\t\t<img decoding=\"async\" src=\"https:\/\/toosuits.spreadon.com\/wp-content\/uploads\/2026\/01\/20-1560x920.jpg\" alt=\"\" \/>\t\t\t\t\t\t\t<\/a>\n\t\t\t\t\t\t<\/div>\n\n\t\t\t\t\t\t\t\t\t\t\n\t\t\t\t\t<!-- BEGIN .sohohotel-blog-title-meta-wrapper -->\n\t\t\t\t\t<div class=\"sohohotel-blog-title-meta-wrapper\">\n\t\t\t\t\t\n\t\t\t\t\t\t<h3><a href=\"https:\/\/toosuits.spreadon.com\/?p=148\" rel=\"bookmark\" title=\"All Rooms Now Equipped With High Speed Wifi\">All Rooms Now Equipped With High Speed Wifi<\/a><\/h3>\n\n\t\t\t\t\t\t<!-- BEGIN .sohohotel-blog-meta -->\n\t\t\t\t\t\t<div class=\"sohohotel-blog-meta clearfix\">\n\t\t\t\t\t\t\t<span class=\"sohohotel-blog-meta-date\"><i class=\"fas fa-calendar\"><\/i><a href=\"https:\/\/toosuits.spreadon.com\/?p=148\" rel=\"bookmark\" title=\"All Rooms Now Equipped With High Speed Wifi\">15 Ocak 2026<\/a><\/span>\n\t\t\t\t\t\t\t<span class=\"sohohotel-blog-meta-author\"><i class=\"fas fa-pencil-alt\"><\/i>By <a href=\"https:\/\/toosuits.spreadon.com\/?author=1\" title=\"spreadon taraf\u0131ndan yaz\u0131lan yaz\u0131lar\" rel=\"author\">spreadon<\/a><\/span>\n\t\t\t\t\t\t\t\n\t\t\t\t\t\t\t\t\t\t\t\t\t\t\n\t\t\t\t\t\t\t\t<span class=\"sohohotel-blog-meta-category\"><i class=\"fas fa-tag\"><\/i><a href=\"https:\/\/toosuits.spreadon.com\/?cat=18\" rel=\"category\">Fine Dining<\/a><\/span>\n\t\t\t\t\t\t\t\t<span class=\"sohohotel-blog-meta-comments\"><i class=\"fas fa-comment\"><\/i><a href=\"https:\/\/toosuits.spreadon.com\/?p=148#respond\">No Comments<\/a><\/span>\n\t\t\t\t\t\t\n\t\t\t\t\t\t\t\t\t\t\t\t\n\t\t\t\t\t\t<!-- END .sohohotel-blog-meta -->\n\t\t\t\t\t\t<\/div>\n\t\t\t\t\t\n\t\t\t\t\t<!-- END .sohohotel-blog-title-meta-wrapper -->\n\t\t\t\t\t<\/div>\n\t\t\t\t\t\n\t\t\t\t\t\t\t\t\t\t\n\t\t\t\t\t\t<!-- BEGIN .sohohotel-blog-description -->\n\t\t\t\t\t\t<div class=\"sohohotel-blog-description sohohotel-clearfix\">\n\t\t\t\t\t\t\n\t\t\t\t\t\t\t\t\t\t\t\t\t\t\n\t\t\t\t\t\t\t\tLorem ipsum dolor sit amet, consectetur adipiscing elit. Quisque sollicitudin facilisis consequat. Sed in est sed dui maximus tempor. Donec ullamcorper volutpat dolor ac posuere. Vivamus commodo lacus ac ornare tincidunt. Vivamus in lectus orci.\t\t\t\t\t\t\t\t<div class=\"sohohotel-clearboth\"><\/div>\n\t\t\t\t\t\t\t\t<a href=\"https:\/\/toosuits.spreadon.com\/?p=148\" class=\"sohohotel-more-link\">Read More<\/a>\n\t\t\t\t\t\t\t\n\t\t\t\t\t\t\t\n\t\t\t\t\t\t<!-- END .sohohotel-blog-description -->\n\t\t\t\t\t\t<\/div>\n\t\t\t\t\t\n\t\t\t\t\t\n\t\t\t\t<!-- END .sohohotel-blog-block -->\n\t\t\t\t<\/div>\n\t\t\t\t\n\t\t\t\t\n\t\t<!-- END .sohohotel-blog-wrapper -->\n\t\t<\/div>\n\t\t\n\t\t\t\t\n\t\t\t\t\t\n\t\t\t<div class=\"sohohotel-blog-pagination\">\n\t\t\t<div class=\"sohohotel-pagination\"><span aria-label=\"Sayfa 1\" aria-current=\"page\" class=\"page-numbers current\">1<\/span>\n<a aria-label=\"Sayfa 2\" class=\"page-numbers\" href=\"https:\/\/toosuits.spreadon.com\/index.php?rest_route=%2Fwp%2Fv2%2Fpages%2F123&#038;paged=2\">2<\/a>\n<a aria-label=\"Sayfa 3\" class=\"page-numbers\" href=\"https:\/\/toosuits.spreadon.com\/index.php?rest_route=%2Fwp%2Fv2%2Fpages%2F123&#038;paged=3\">3<\/a>\n<a class=\"next page-numbers\" href=\"https:\/\/toosuits.spreadon.com\/index.php?rest_route=%2Fwp%2Fv2%2Fpages%2F123&#038;paged=2\">&raquo;<\/a><\/div>\t\t\t<\/div>\n\t\t\t\n\t\t[vc_empty_space height=&#8221;30px&#8221;][\/vc_column][\/vc_row]<\/p>\n<\/div>","protected":false},"excerpt":{"rendered":"<p>[vc_row][vc_column][vc_empty_space height=&#8221;30px&#8221;][\/vc_column][\/vc_row]<\/p>\n<a href=\"https:\/\/toosuits.spreadon.com\/?p=148\" class=\"sohohotel-more-link\">Read More<\/a>","protected":false},"author":1,"featured_media":0,"parent":0,"menu_order":0,"comment_status":"closed","ping_status":"closed","template":"","meta":{"footnotes":""},"class_list":["post-123","page","type-page","status-publish","hentry"],"_links":{"self":[{"href":"https:\/\/toosuits.spreadon.com\/index.php?rest_route=\/wp\/v2\/pages\/123","targetHints":{"allow":["GET"]}}],"collection":[{"href":"https:\/\/toosuits.spreadon.com\/index.php?rest_route=\/wp\/v2\/pages"}],"about":[{"href":"https:\/\/toosuits.spreadon.com\/index.php?rest_route=\/wp\/v2\/types\/page"}],"author":[{"embeddable":true,"href":"https:\/\/toosuits.spreadon.com\/index.php?rest_route=\/wp\/v2\/users\/1"}],"replies":[{"embeddable":true,"href":"https:\/\/toosuits.spreadon.com\/index.php?rest_route=%2Fwp%2Fv2%2Fcomments&post=123"}],"version-history":[{"count":0,"href":"https:\/\/toosuits.spreadon.com\/index.php?rest_route=\/wp\/v2\/pages\/123\/revisions"}],"wp:attachment":[{"href":"https:\/\/toosuits.spreadon.com\/index.php?rest_route=%2Fwp%2Fv2%2Fmedia&parent=123"}],"curies":[{"name":"wp","href":"https:\/\/api.w.org\/{rel}","templated":true}]}}