{"id":119,"date":"2026-01-15T19:09:40","date_gmt":"2026-01-15T16:09:40","guid":{"rendered":"https:\/\/toosuits.spreadon.com\/?page_id=119"},"modified":"2026-01-15T19:09:40","modified_gmt":"2026-01-15T16:09:40","slug":"accommodation-ii-2-columns","status":"publish","type":"page","link":"https:\/\/toosuits.spreadon.com\/?page_id=119","title":{"rendered":"Accommodation II \u2013 2 Columns"},"content":{"rendered":"<div class=\"wpb-content-wrapper\"><p>[vc_row][vc_column]\t\t\n\t\t\t\t\n\t\t\t<!-- BEGIN .shb-accommodation-listing-filter-sorting -->\n\t\t\t<div class=\"shb-accommodation-listing-filter-sorting shb-clearfix\">\n\t\t\t\n\t\t\t\t\t\t\t\n\t\t\t\t<div class=\"shb-accommodation-listing-filter shb-clearfix\">\n\t\t\t\t\t<p>Taraf\u0131ndan filtre:<\/p>\n\t\t\t\t\t<ul>\n\t\t\t\t\t\t<li class=\"shb-filter-current\"><a href=\"https:\/\/toosuits.spreadon.com?shb-orderby=2\">T\u00fcm<\/a><\/li><li class=\"\"><a href=\"https:\/\/toosuits.spreadon.com?shb-orderby=2&shb-accommodation-type=rooms\">Rooms<\/a><\/li><li class=\"\"><a href=\"https:\/\/toosuits.spreadon.com?shb-orderby=2&shb-accommodation-type=suites\">Suites<\/a><\/li>\t\t\t\t\t<\/ul>\n\t\t\t\t<\/div>\n\t\t\t\n\t\t\t\t\t\t\t\n\t\t\t\t\t\t\t\n\t\t\t\t<div class=\"shb-accommodation-listing-sorting shb-clearfix\">\n\t\t\t\t\t<select>\n\t\t\t\t\t\t<option value=\"https:\/\/toosuits.spreadon.com?shb-accommodation-type=0\" selected>Varsay\u0131lan s\u0131ralama<\/option><option value=\"https:\/\/toosuits.spreadon.com?shb-accommodation-type=0&shb-orderby=1\" >Fiyat D\u00fc\u015f\u00fckten Y\u00fckse\u011fe<\/option><option value=\"https:\/\/toosuits.spreadon.com?shb-accommodation-type=0&shb-orderby=2\" >Fiyat pahal\u0131dan ucuza<\/option>\t\t\t\t\t<\/select>\n\t\t\t\t\t<i class=\"fas fa-chevron-down\"><\/i>\n\t\t\t\t<\/div>\n\t\t\t\n\t\t\t\t\t\n\t\t\t<!-- END .shb-accommodation-listing-filter-sorting -->\n\t\t\t<\/div>\n\t\t\n\t\t\t\t\n\t\t<!-- BEGIN .shb-accommodation-listing-style-2 -->\n\t\t<div class=\"shb-accommodation-listing-style-2 shb-accommodation-listing-style-2-columns-2\">\n\t\t\t\n\t\t\t\t\n\t\t\t<!-- BEGIN .shb-accommodation-listing-item -->\n\t\t\t<div class=\"shb-accommodation-listing-item\">\n\t\t\t\t\n\t\t\t\t<div class=\"shb-accommodation-listing-image\">\n\t\t\t\t\t\n\t\t\t\t\t<a href=\"https:\/\/toosuits.spreadon.com\/?shb_accommodation=ensuite-room\" rel=\"bookmark\" class=\"shb-accommodation-listing-button1\">From $450 \/ Night<\/a>\n\t\t\t\t\t\n\t\t\t\t\t\t\t\t\t\t\t\t\t\t\t<a href=\"https:\/\/toosuits.spreadon.com\/?shb_accommodation=ensuite-room\" rel=\"bookmark\">\n\t\t\t\t\t\t<img decoding=\"async\" src=\"https:\/\/toosuits.spreadon.com\/wp-content\/uploads\/2026\/01\/34.jpg\" alt=\"Ensuite Room\" \/>\t\t\t\t\t<\/a>\n\t\t\t\t\t\t\t\t\t\t\n\t\t\t\t<\/div>\n\t\t\t\t\n\t\t\t\t<div class=\"shb-accommodation-listing-description-wrapper\">\n\t\t\t\t\n\t\t\t\t\t<h3><a href=\"https:\/\/toosuits.spreadon.com\/?shb_accommodation=ensuite-room\" rel=\"bookmark\" title=\"Ensuite Room\">Ensuite Room<\/a><\/h3>\n\t\t\t\t\n\t\t\t\t\t<div class=\"shb-accommodation-listing-description shb-clearfix\">\n\t\t\t\t\t\n\t\t\t\t\t\t<ul>\n<li><i class=\"fas fa-user\"><\/i><span>Capacity:<\/span> 2 Adults<\/li>\n<li><i class=\"fas fa-ruler-combined\"><\/i><span>Size:<\/span> 35sqm<\/li>\n<li><i class=\"fas fa-binoculars\"><\/i><span>View:<\/span> City<\/li>\n<\/ul>\t\t\t\t\t\n\t\t\t\t\t<\/div>\n\t\t\t\t\n\t\t\t\t<\/div>\n\t\t\t\t\n\t\t\t<!-- END .shb-accommodation-listing-item -->\n\t\t\t<\/div>\n\t\t\n\t\t\t\t\n\t\t\t<!-- BEGIN .shb-accommodation-listing-item -->\n\t\t\t<div class=\"shb-accommodation-listing-item\">\n\t\t\t\t\n\t\t\t\t<div class=\"shb-accommodation-listing-image\">\n\t\t\t\t\t\n\t\t\t\t\t<a href=\"https:\/\/toosuits.spreadon.com\/?shb_accommodation=deluxe-queen-room\" rel=\"bookmark\" class=\"shb-accommodation-listing-button1\">From $300 \/ Night<\/a>\n\t\t\t\t\t\n\t\t\t\t\t\t\t\t\t\t\t\t\t\t\t<a href=\"https:\/\/toosuits.spreadon.com\/?shb_accommodation=deluxe-queen-room\" rel=\"bookmark\">\n\t\t\t\t\t\t<img decoding=\"async\" src=\"https:\/\/toosuits.spreadon.com\/wp-content\/uploads\/2026\/01\/04.jpg\" alt=\"Deluxe Queen Room\" \/>\t\t\t\t\t<\/a>\n\t\t\t\t\t\t\t\t\t\t\n\t\t\t\t<\/div>\n\t\t\t\t\n\t\t\t\t<div class=\"shb-accommodation-listing-description-wrapper\">\n\t\t\t\t\n\t\t\t\t\t<h3><a href=\"https:\/\/toosuits.spreadon.com\/?shb_accommodation=deluxe-queen-room\" rel=\"bookmark\" title=\"Deluxe Queen Room\">Deluxe Queen Room<\/a><\/h3>\n\t\t\t\t\n\t\t\t\t\t<div class=\"shb-accommodation-listing-description shb-clearfix\">\n\t\t\t\t\t\n\t\t\t\t\t\t<ul>\n<li><i class=\"fas fa-user\"><\/i><span>Capacity:<\/span> 2 Adults<\/li>\n<li><i class=\"fas fa-ruler-combined\"><\/i><span>Size:<\/span> 35sqm<\/li>\n<li><i class=\"fas fa-binoculars\"><\/i><span>View:<\/span> City<\/li>\n<\/ul>\t\t\t\t\t\n\t\t\t\t\t<\/div>\n\t\t\t\t\n\t\t\t\t<\/div>\n\t\t\t\t\n\t\t\t<!-- END .shb-accommodation-listing-item -->\n\t\t\t<\/div>\n\t\t\n\t\t\t\t\n\t\t\t<!-- BEGIN .shb-accommodation-listing-item -->\n\t\t\t<div class=\"shb-accommodation-listing-item\">\n\t\t\t\t\n\t\t\t\t<div class=\"shb-accommodation-listing-image\">\n\t\t\t\t\t\n\t\t\t\t\t<a href=\"https:\/\/toosuits.spreadon.com\/?shb_accommodation=king-room\" rel=\"bookmark\" class=\"shb-accommodation-listing-button1\">From $300 \/ Night<\/a>\n\t\t\t\t\t\n\t\t\t\t\t\t\t\t\t\t\t\t\t\t\t<a href=\"https:\/\/toosuits.spreadon.com\/?shb_accommodation=king-room\" rel=\"bookmark\">\n\t\t\t\t\t\t<img decoding=\"async\" src=\"https:\/\/toosuits.spreadon.com\/wp-content\/uploads\/2026\/01\/05.jpg\" alt=\"King Room\" \/>\t\t\t\t\t<\/a>\n\t\t\t\t\t\t\t\t\t\t\n\t\t\t\t<\/div>\n\t\t\t\t\n\t\t\t\t<div class=\"shb-accommodation-listing-description-wrapper\">\n\t\t\t\t\n\t\t\t\t\t<h3><a href=\"https:\/\/toosuits.spreadon.com\/?shb_accommodation=king-room\" rel=\"bookmark\" title=\"King Room\">King Room<\/a><\/h3>\n\t\t\t\t\n\t\t\t\t\t<div class=\"shb-accommodation-listing-description shb-clearfix\">\n\t\t\t\t\t\n\t\t\t\t\t\t<ul>\n<li><i class=\"fas fa-user\"><\/i><span>Capacity:<\/span> 2 Adults<\/li>\n<li><i class=\"fas fa-ruler-combined\"><\/i><span>Size:<\/span> 35sqm<\/li>\n<li><i class=\"fas fa-binoculars\"><\/i><span>View:<\/span> City<\/li>\n<\/ul>\t\t\t\t\t\n\t\t\t\t\t<\/div>\n\t\t\t\t\n\t\t\t\t<\/div>\n\t\t\t\t\n\t\t\t<!-- END .shb-accommodation-listing-item -->\n\t\t\t<\/div>\n\t\t\n\t\t\t\t\n\t\t\t<!-- BEGIN .shb-accommodation-listing-item -->\n\t\t\t<div class=\"shb-accommodation-listing-item\">\n\t\t\t\t\n\t\t\t\t<div class=\"shb-accommodation-listing-image\">\n\t\t\t\t\t\n\t\t\t\t\t<a href=\"https:\/\/toosuits.spreadon.com\/?shb_accommodation=king-ensuite-room\" rel=\"bookmark\" class=\"shb-accommodation-listing-button1\">From $250 \/ Night<\/a>\n\t\t\t\t\t\n\t\t\t\t\t\t\t\t\t\t\t\t\t\t\t<a href=\"https:\/\/toosuits.spreadon.com\/?shb_accommodation=king-ensuite-room\" rel=\"bookmark\">\n\t\t\t\t\t\t<img decoding=\"async\" src=\"https:\/\/toosuits.spreadon.com\/wp-content\/uploads\/2026\/01\/37.jpg\" alt=\"King Ensuite Room\" \/>\t\t\t\t\t<\/a>\n\t\t\t\t\t\t\t\t\t\t\n\t\t\t\t<\/div>\n\t\t\t\t\n\t\t\t\t<div class=\"shb-accommodation-listing-description-wrapper\">\n\t\t\t\t\n\t\t\t\t\t<h3><a href=\"https:\/\/toosuits.spreadon.com\/?shb_accommodation=king-ensuite-room\" rel=\"bookmark\" title=\"King Ensuite Room\">King Ensuite Room<\/a><\/h3>\n\t\t\t\t\n\t\t\t\t\t<div class=\"shb-accommodation-listing-description shb-clearfix\">\n\t\t\t\t\t\n\t\t\t\t\t\t<ul>\n<li><i class=\"fas fa-user\"><\/i><span>Capacity:<\/span> 2 Adults<\/li>\n<li><i class=\"fas fa-ruler-combined\"><\/i><span>Size:<\/span> 35sqm<\/li>\n<li><i class=\"fas fa-binoculars\"><\/i><span>View:<\/span> City<\/li>\n<\/ul>\t\t\t\t\t\n\t\t\t\t\t<\/div>\n\t\t\t\t\n\t\t\t\t<\/div>\n\t\t\t\t\n\t\t\t<!-- END .shb-accommodation-listing-item -->\n\t\t\t<\/div>\n\t\t\n\t\t\t\t\t\n\t\t<!-- END .shb-accommodation-listing-style-2 -->\n\t\t<\/div>\n\t\n\t\t\n\t\t\t\n\t\t<div class=\"shb-clearboth\"><\/div>\n\t\t<div class=\"shb-accommodation-listing-2-pagination\">\n\t\t<div class=\"sohohotel-pagination\"><span aria-label=\"Sayfa 1\" aria-current=\"page\" class=\"page-numbers current\">1<\/span>\n<a aria-label=\"Sayfa 2\" class=\"page-numbers\" href=\"https:\/\/toosuits.spreadon.com\/index.php?rest_route=%2Fwp%2Fv2%2Fpages%2F119&#038;paged=2\">2<\/a>\n<a class=\"next page-numbers\" href=\"https:\/\/toosuits.spreadon.com\/index.php?rest_route=%2Fwp%2Fv2%2Fpages%2F119&#038;paged=2\">&raquo;<\/a><\/div>\t\t<\/div>\n\t\t\n\t\t\n\t[\/vc_column][\/vc_row]<\/p>\n<\/div>","protected":false},"excerpt":{"rendered":"<p>[vc_row][vc_column][\/vc_column][\/vc_row]<\/p>\n<a href=\"https:\/\/toosuits.spreadon.com\/?shb_accommodation=king-ensuite-room\" class=\"sohohotel-more-link\">Read More<\/a>","protected":false},"author":1,"featured_media":0,"parent":0,"menu_order":0,"comment_status":"closed","ping_status":"closed","template":"","meta":{"footnotes":""},"class_list":["post-119","page","type-page","status-publish","hentry"],"_links":{"self":[{"href":"https:\/\/toosuits.spreadon.com\/index.php?rest_route=\/wp\/v2\/pages\/119","targetHints":{"allow":["GET"]}}],"collection":[{"href":"https:\/\/toosuits.spreadon.com\/index.php?rest_route=\/wp\/v2\/pages"}],"about":[{"href":"https:\/\/toosuits.spreadon.com\/index.php?rest_route=\/wp\/v2\/types\/page"}],"author":[{"embeddable":true,"href":"https:\/\/toosuits.spreadon.com\/index.php?rest_route=\/wp\/v2\/users\/1"}],"replies":[{"embeddable":true,"href":"https:\/\/toosuits.spreadon.com\/index.php?rest_route=%2Fwp%2Fv2%2Fcomments&post=119"}],"version-history":[{"count":0,"href":"https:\/\/toosuits.spreadon.com\/index.php?rest_route=\/wp\/v2\/pages\/119\/revisions"}],"wp:attachment":[{"href":"https:\/\/toosuits.spreadon.com\/index.php?rest_route=%2Fwp%2Fv2%2Fmedia&parent=119"}],"curies":[{"name":"wp","href":"https:\/\/api.w.org\/{rel}","templated":true}]}}